{"id":7,"date":"2026-04-28T08:42:58","date_gmt":"2026-04-28T08:42:58","guid":{"rendered":"https:\/\/dangelsusmensajeria.rkinformatika.online\/?page_id=7"},"modified":"2026-04-28T13:12:17","modified_gmt":"2026-04-28T13:12:17","slug":"servicios","status":"publish","type":"page","link":"https:\/\/dangelsusmensajeria.com\/en\/servicios\/","title":{"rendered":"Services"},"content":{"rendered":"<div data-elementor-type=\"wp-page\" data-elementor-id=\"7\" class=\"elementor elementor-7\" data-elementor-post-type=\"page\">\n\t\t\t\t<div class=\"elementor-element elementor-element-d872333 e-flex e-con-boxed e-con e-parent\" data-id=\"d872333\" data-element_type=\"container\" data-e-type=\"container\" data-settings=\"{&quot;background_background&quot;:&quot;classic&quot;}\">\n\t\t\t\t\t<div class=\"e-con-inner\">\n\t\t<div class=\"elementor-element elementor-element-581e0bb e-con-full e-flex e-con e-child\" data-id=\"581e0bb\" data-element_type=\"container\" data-e-type=\"container\">\n\t\t\t\t<\/div>\n\t\t\t\t\t<\/div>\n\t\t\t\t<\/div>\n\t\t<div class=\"elementor-element elementor-element-4ce3471 e-flex e-con-boxed e-con e-parent\" data-id=\"4ce3471\" data-element_type=\"container\" data-e-type=\"container\">\n\t\t\t\t\t<div class=\"e-con-inner\">\n\t\t<div class=\"elementor-element elementor-element-edc7a05 e-con-full e-flex e-con e-child\" data-id=\"edc7a05\" data-element_type=\"container\" data-e-type=\"container\">\n\t\t\t\t<div class=\"elementor-element elementor-element-c215e8c elementor-widget elementor-widget-heading\" data-id=\"c215e8c\" data-element_type=\"widget\" data-e-type=\"widget\" data-widget_type=\"heading.default\">\n\t\t\t\t\t<h2 class=\"elementor-heading-title elementor-size-default\">NUESTROS SERVICIOS<\/h2>\t\t\t\t<\/div>\n\t\t\t\t<div class=\"elementor-element elementor-element-7bc396a elementor-invisible elementor-widget elementor-widget-heading\" data-id=\"7bc396a\" data-element_type=\"widget\" data-e-type=\"widget\" data-settings=\"{&quot;_animation&quot;:&quot;fadeIn&quot;,&quot;_animation_delay&quot;:50}\" data-widget_type=\"heading.default\">\n\t\t\t\t\t<h2 class=\"elementor-heading-title elementor-size-default\">Hacemos que cada env\u00edo cuente, ofreciendo un servicio \u00e1gil, confiable y adaptado a tus necesidades<\/h2>\t\t\t\t<\/div>\n\t\t\t\t<div class=\"elementor-element elementor-element-885de06 elementor-widget-divider--view-line elementor-widget elementor-widget-divider\" data-id=\"885de06\" data-element_type=\"widget\" data-e-type=\"widget\" data-widget_type=\"divider.default\">\n\t\t\t\t\t\t\t<div class=\"elementor-divider\">\n\t\t\t<span class=\"elementor-divider-separator\">\n\t\t\t\t\t\t<\/span>\n\t\t<\/div>\n\t\t\t\t\t\t<\/div>\n\t\t\t\t<\/div>\n\t\t\t\t\t<\/div>\n\t\t\t\t<\/div>\n\t\t<div class=\"elementor-element elementor-element-2e0c231 e-grid e-con-boxed e-con e-parent\" data-id=\"2e0c231\" data-element_type=\"container\" data-e-type=\"container\">\n\t\t\t\t\t<div class=\"e-con-inner\">\n\t\t\t\t<div class=\"elementor-element elementor-element-f067e55 elementor-position-top elementor-widget elementor-widget-image-box\" data-id=\"f067e55\" data-element_type=\"widget\" data-e-type=\"widget\" data-widget_type=\"image-box.default\">\n\t\t\t\t\t<div class=\"elementor-image-box-wrapper\"><figure class=\"elementor-image-box-img\"><img fetchpriority=\"high\" decoding=\"async\" width=\"1500\" height=\"1000\" src=\"https:\/\/dangelsusmensajeria.com\/wp-content\/uploads\/2026\/04\/95477.jpg\" class=\"attachment-full size-full wp-image-158\" alt=\"\" srcset=\"https:\/\/dangelsusmensajeria.com\/wp-content\/uploads\/2026\/04\/95477.jpg 1500w, https:\/\/dangelsusmensajeria.com\/wp-content\/uploads\/2026\/04\/95477-300x200.jpg 300w, https:\/\/dangelsusmensajeria.com\/wp-content\/uploads\/2026\/04\/95477-1024x683.jpg 1024w, https:\/\/dangelsusmensajeria.com\/wp-content\/uploads\/2026\/04\/95477-768x512.jpg 768w, https:\/\/dangelsusmensajeria.com\/wp-content\/uploads\/2026\/04\/95477-18x12.jpg 18w\" sizes=\"(max-width: 1500px) 100vw, 1500px\" \/><\/figure><div class=\"elementor-image-box-content\"><h3 class=\"elementor-image-box-title\">Mensajer\u00eda urgente nacional , especializada en pr\u00f3tesis dentales.<\/h3><\/div><\/div>\t\t\t\t<\/div>\n\t\t\t\t<div class=\"elementor-element elementor-element-430baf3 elementor-position-top elementor-widget elementor-widget-image-box\" data-id=\"430baf3\" data-element_type=\"widget\" data-e-type=\"widget\" data-widget_type=\"image-box.default\">\n\t\t\t\t\t<div class=\"elementor-image-box-wrapper\"><figure class=\"elementor-image-box-img\"><img decoding=\"async\" width=\"1500\" height=\"1000\" src=\"https:\/\/dangelsusmensajeria.com\/wp-content\/uploads\/2026\/04\/103268.jpg\" class=\"attachment-full size-full wp-image-157\" alt=\"\" srcset=\"https:\/\/dangelsusmensajeria.com\/wp-content\/uploads\/2026\/04\/103268.jpg 1500w, https:\/\/dangelsusmensajeria.com\/wp-content\/uploads\/2026\/04\/103268-300x200.jpg 300w, https:\/\/dangelsusmensajeria.com\/wp-content\/uploads\/2026\/04\/103268-1024x683.jpg 1024w, https:\/\/dangelsusmensajeria.com\/wp-content\/uploads\/2026\/04\/103268-768x512.jpg 768w, https:\/\/dangelsusmensajeria.com\/wp-content\/uploads\/2026\/04\/103268-18x12.jpg 18w\" sizes=\"(max-width: 1500px) 100vw, 1500px\" \/><\/figure><div class=\"elementor-image-box-content\"><h3 class=\"elementor-image-box-title\">Todo tipo de entregas y gestiones en administraciones p\u00fablicas , local y nacional.<\/h3><\/div><\/div>\t\t\t\t<\/div>\n\t\t\t\t\t<\/div>\n\t\t\t\t<\/div>\n\t\t<div class=\"elementor-element elementor-element-025f6b8 e-flex e-con-boxed e-con e-parent\" data-id=\"025f6b8\" data-element_type=\"container\" data-e-type=\"container\" data-settings=\"{&quot;background_background&quot;:&quot;classic&quot;}\">\n\t\t\t\t\t<div class=\"e-con-inner\">\n\t\t\t\t<div class=\"elementor-element elementor-element-3b752b0 elementor-widget elementor-widget-heading\" data-id=\"3b752b0\" data-element_type=\"widget\" data-e-type=\"widget\" data-widget_type=\"heading.default\">\n\t\t\t\t\t<h2 class=\"elementor-heading-title elementor-size-default\">\u00a1Tu carga viaja segura, porque tratamos cada entrega como si fuera nuestra!<\/h2>\t\t\t\t<\/div>\n\t\t\t\t<div class=\"elementor-element elementor-element-3c8ed60 elementor-invisible elementor-widget elementor-widget-button\" data-id=\"3c8ed60\" data-element_type=\"widget\" data-e-type=\"widget\" data-settings=\"{&quot;_animation&quot;:&quot;fadeInDown&quot;}\" data-widget_type=\"button.default\">\n\t\t\t\t\t\t\t\t\t\t<a class=\"elementor-button elementor-button-link elementor-size-sm elementor-animation-push\" href=\"\/en\/contacto\/\">\n\t\t\t\t\t\t<span class=\"elementor-button-content-wrapper\">\n\t\t\t\t\t\t\t\t\t<span class=\"elementor-button-text\">Cont\u00e1ctanos<\/span>\n\t\t\t\t\t<\/span>\n\t\t\t\t\t<\/a>\n\t\t\t\t\t\t\t\t<\/div>\n\t\t\t\t\t<\/div>\n\t\t\t\t<\/div>\n\t\t<div class=\"elementor-element elementor-element-b84d928 e-flex e-con-boxed e-con e-parent\" data-id=\"b84d928\" data-element_type=\"container\" data-e-type=\"container\">\n\t\t\t\t\t<div class=\"e-con-inner\">\n\t\t<div class=\"elementor-element elementor-element-7c9d64e e-con-full e-flex e-con e-child\" data-id=\"7c9d64e\" data-element_type=\"container\" data-e-type=\"container\">\n\t\t\t\t<div class=\"elementor-element elementor-element-5385cb2 elementor-widget elementor-widget-heading\" data-id=\"5385cb2\" data-element_type=\"widget\" data-e-type=\"widget\" data-widget_type=\"heading.default\">\n\t\t\t\t\t<h2 class=\"elementor-heading-title elementor-size-default\">\u00a1Operativa precisa, entrega segura!<\/h2>\t\t\t\t<\/div>\n\t\t\t\t<div class=\"elementor-element elementor-element-6e23108 elementor-invisible elementor-widget elementor-widget-heading\" data-id=\"6e23108\" data-element_type=\"widget\" data-e-type=\"widget\" data-settings=\"{&quot;_animation&quot;:&quot;fadeIn&quot;,&quot;_animation_delay&quot;:50}\" data-widget_type=\"heading.default\">\n\t\t\t\t\t<h2 class=\"elementor-heading-title elementor-size-default\">Desde el origen hasta el destino, cuidamos cada detalle para que tu env\u00edo llegue sin preocupaciones<\/h2>\t\t\t\t<\/div>\n\t\t\t\t<div class=\"elementor-element elementor-element-2c8705e elementor-widget-divider--view-line elementor-widget elementor-widget-divider\" data-id=\"2c8705e\" data-element_type=\"widget\" data-e-type=\"widget\" data-widget_type=\"divider.default\">\n\t\t\t\t\t\t\t<div class=\"elementor-divider\">\n\t\t\t<span class=\"elementor-divider-separator\">\n\t\t\t\t\t\t<\/span>\n\t\t<\/div>\n\t\t\t\t\t\t<\/div>\n\t\t\t\t<\/div>\n\t\t<div class=\"elementor-element elementor-element-75d29f8 e-con-full e-flex e-con e-child\" data-id=\"75d29f8\" data-element_type=\"container\" data-e-type=\"container\">\n\t\t\t\t<div class=\"elementor-element elementor-element-cffb7f2 elementor-widget elementor-widget-image\" data-id=\"cffb7f2\" data-element_type=\"widget\" data-e-type=\"widget\" data-widget_type=\"image.default\">\n\t\t\t\t\t\t\t\t\t\t\t\t\t\t\t<img decoding=\"async\" width=\"1500\" height=\"841\" src=\"https:\/\/dangelsusmensajeria.com\/wp-content\/uploads\/2026\/04\/94640.jpg\" class=\"attachment-full size-full wp-image-156\" alt=\"\" srcset=\"https:\/\/dangelsusmensajeria.com\/wp-content\/uploads\/2026\/04\/94640.jpg 1500w, https:\/\/dangelsusmensajeria.com\/wp-content\/uploads\/2026\/04\/94640-300x168.jpg 300w, https:\/\/dangelsusmensajeria.com\/wp-content\/uploads\/2026\/04\/94640-1024x574.jpg 1024w, https:\/\/dangelsusmensajeria.com\/wp-content\/uploads\/2026\/04\/94640-768x431.jpg 768w, https:\/\/dangelsusmensajeria.com\/wp-content\/uploads\/2026\/04\/94640-18x10.jpg 18w\" sizes=\"(max-width: 1500px) 100vw, 1500px\" \/>\t\t\t\t\t\t\t\t\t\t\t\t\t\t\t<\/div>\n\t\t\t\t<\/div>\n\t\t\t\t\t<\/div>\n\t\t\t\t<\/div>\n\t\t\t\t<\/div>","protected":false},"excerpt":{"rendered":"<p>NUESTROS SERVICIOS Hacemos que cada env\u00edo cuente, ofreciendo un servicio \u00e1gil, confiable y adaptado a tus necesidades Mensajer\u00eda urgente nacional , especializada en pr\u00f3tesis dentales. Todo tipo de entregas y gestiones en administraciones p\u00fablicas , local y nacional. \u00a1Tu carga viaja segura, porque tratamos cada entrega como si fuera nuestra! Cont\u00e1ctanos \u00a1Operativa precisa, entrega segura! [&hellip;]<\/p>\n","protected":false},"author":1,"featured_media":0,"parent":0,"menu_order":0,"comment_status":"closed","ping_status":"closed","template":"elementor_canvas","meta":{"footnotes":""},"class_list":["post-7","page","type-page","status-publish","hentry"],"yoast_head":"<!-- This site is optimized with the Yoast SEO plugin v27.5 - https:\/\/yoast.com\/product\/yoast-seo-wordpress\/ -->\n<title>Servicios - Dangelsus Mensajeria S.L.U<\/title>\n<meta name=\"robots\" content=\"index, follow, max-snippet:-1, max-image-preview:large, max-video-preview:-1\" \/>\n<link rel=\"canonical\" href=\"https:\/\/dangelsusmensajeria.com\/en\/servicios\/\" \/>\n<meta property=\"og:locale\" content=\"en_GB\" \/>\n<meta property=\"og:type\" content=\"article\" \/>\n<meta property=\"og:title\" content=\"Servicios - Dangelsus Mensajeria S.L.U\" \/>\n<meta property=\"og:description\" content=\"NUESTROS SERVICIOS Hacemos que cada env\u00edo cuente, ofreciendo un servicio \u00e1gil, confiable y adaptado a tus necesidades Mensajer\u00eda urgente nacional , especializada en pr\u00f3tesis dentales. Todo tipo de entregas y gestiones en administraciones p\u00fablicas , local y nacional. \u00a1Tu carga viaja segura, porque tratamos cada entrega como si fuera nuestra! Cont\u00e1ctanos \u00a1Operativa precisa, entrega segura! [&hellip;]\" \/>\n<meta property=\"og:url\" content=\"https:\/\/dangelsusmensajeria.com\/en\/servicios\/\" \/>\n<meta property=\"og:site_name\" content=\"Dangelsus Mensajeria S.L.U\" \/>\n<meta property=\"article:modified_time\" content=\"2026-04-28T13:12:17+00:00\" \/>\n<meta property=\"og:image\" content=\"https:\/\/dangelsusmensajeria.com\/wp-content\/uploads\/2026\/04\/95477.jpg\" \/>\n<meta name=\"twitter:card\" content=\"summary_large_image\" \/>\n<meta name=\"twitter:label1\" content=\"Estimated reading time\" \/>\n\t<meta name=\"twitter:data1\" content=\"1 minute\" \/>\n<script type=\"application\/ld+json\" class=\"yoast-schema-graph\">{\"@context\":\"https:\\\/\\\/schema.org\",\"@graph\":[{\"@type\":\"WebPage\",\"@id\":\"https:\\\/\\\/dangelsusmensajeria.com\\\/servicios\\\/\",\"url\":\"https:\\\/\\\/dangelsusmensajeria.com\\\/servicios\\\/\",\"name\":\"Servicios - Dangelsus Mensajeria S.L.U\",\"isPartOf\":{\"@id\":\"https:\\\/\\\/dangelsusmensajeria.com\\\/#website\"},\"primaryImageOfPage\":{\"@id\":\"https:\\\/\\\/dangelsusmensajeria.com\\\/servicios\\\/#primaryimage\"},\"image\":{\"@id\":\"https:\\\/\\\/dangelsusmensajeria.com\\\/servicios\\\/#primaryimage\"},\"thumbnailUrl\":\"https:\\\/\\\/dangelsusmensajeria.com\\\/wp-content\\\/uploads\\\/2026\\\/04\\\/95477.jpg\",\"datePublished\":\"2026-04-28T08:42:58+00:00\",\"dateModified\":\"2026-04-28T13:12:17+00:00\",\"breadcrumb\":{\"@id\":\"https:\\\/\\\/dangelsusmensajeria.com\\\/servicios\\\/#breadcrumb\"},\"inLanguage\":\"en-GB\",\"potentialAction\":[{\"@type\":\"ReadAction\",\"target\":[\"https:\\\/\\\/dangelsusmensajeria.com\\\/servicios\\\/\"]}]},{\"@type\":\"ImageObject\",\"inLanguage\":\"en-GB\",\"@id\":\"https:\\\/\\\/dangelsusmensajeria.com\\\/servicios\\\/#primaryimage\",\"url\":\"https:\\\/\\\/dangelsusmensajeria.com\\\/wp-content\\\/uploads\\\/2026\\\/04\\\/95477.jpg\",\"contentUrl\":\"https:\\\/\\\/dangelsusmensajeria.com\\\/wp-content\\\/uploads\\\/2026\\\/04\\\/95477.jpg\"},{\"@type\":\"BreadcrumbList\",\"@id\":\"https:\\\/\\\/dangelsusmensajeria.com\\\/servicios\\\/#breadcrumb\",\"itemListElement\":[{\"@type\":\"ListItem\",\"position\":1,\"name\":\"Portada\",\"item\":\"https:\\\/\\\/dangelsusmensajeria.com\\\/\"},{\"@type\":\"ListItem\",\"position\":2,\"name\":\"Servicios\"}]},{\"@type\":\"WebSite\",\"@id\":\"https:\\\/\\\/dangelsusmensajeria.com\\\/#website\",\"url\":\"https:\\\/\\\/dangelsusmensajeria.com\\\/\",\"name\":\"Dangelsus Mensajeria S.L.U\",\"description\":\"Dangelsus Mensajeria S.L.U\",\"publisher\":{\"@id\":\"https:\\\/\\\/dangelsusmensajeria.com\\\/#organization\"},\"potentialAction\":[{\"@type\":\"SearchAction\",\"target\":{\"@type\":\"EntryPoint\",\"urlTemplate\":\"https:\\\/\\\/dangelsusmensajeria.com\\\/?s={search_term_string}\"},\"query-input\":{\"@type\":\"PropertyValueSpecification\",\"valueRequired\":true,\"valueName\":\"search_term_string\"}}],\"inLanguage\":\"en-GB\"},{\"@type\":\"Organization\",\"@id\":\"https:\\\/\\\/dangelsusmensajeria.com\\\/#organization\",\"name\":\"Dangelsus Mensajeria S.L.U\",\"url\":\"https:\\\/\\\/dangelsusmensajeria.com\\\/\",\"logo\":{\"@type\":\"ImageObject\",\"inLanguage\":\"en-GB\",\"@id\":\"https:\\\/\\\/dangelsusmensajeria.com\\\/#\\\/schema\\\/logo\\\/image\\\/\",\"url\":\"https:\\\/\\\/dangelsusmensajeria.com\\\/wp-content\\\/uploads\\\/2026\\\/04\\\/logo_web-scaled.png\",\"contentUrl\":\"https:\\\/\\\/dangelsusmensajeria.com\\\/wp-content\\\/uploads\\\/2026\\\/04\\\/logo_web-scaled.png\",\"width\":2560,\"height\":1321,\"caption\":\"Dangelsus Mensajeria S.L.U\"},\"image\":{\"@id\":\"https:\\\/\\\/dangelsusmensajeria.com\\\/#\\\/schema\\\/logo\\\/image\\\/\"}}]}<\/script>\n<!-- \/ Yoast SEO plugin. -->","yoast_head_json":{"title":"Servicios - Dangelsus Mensajeria S.L.U","robots":{"index":"index","follow":"follow","max-snippet":"max-snippet:-1","max-image-preview":"max-image-preview:large","max-video-preview":"max-video-preview:-1"},"canonical":"https:\/\/dangelsusmensajeria.com\/en\/servicios\/","og_locale":"en_GB","og_type":"article","og_title":"Servicios - Dangelsus Mensajeria S.L.U","og_description":"NUESTROS SERVICIOS Hacemos que cada env\u00edo cuente, ofreciendo un servicio \u00e1gil, confiable y adaptado a tus necesidades Mensajer\u00eda urgente nacional , especializada en pr\u00f3tesis dentales. Todo tipo de entregas y gestiones en administraciones p\u00fablicas , local y nacional. \u00a1Tu carga viaja segura, porque tratamos cada entrega como si fuera nuestra! Cont\u00e1ctanos \u00a1Operativa precisa, entrega segura! [&hellip;]","og_url":"https:\/\/dangelsusmensajeria.com\/en\/servicios\/","og_site_name":"Dangelsus Mensajeria S.L.U","article_modified_time":"2026-04-28T13:12:17+00:00","og_image":[{"url":"https:\/\/dangelsusmensajeria.com\/wp-content\/uploads\/2026\/04\/95477.jpg","type":"","width":"","height":""}],"twitter_card":"summary_large_image","twitter_misc":{"Estimated reading time":"1 minute"},"schema":{"@context":"https:\/\/schema.org","@graph":[{"@type":"WebPage","@id":"https:\/\/dangelsusmensajeria.com\/servicios\/","url":"https:\/\/dangelsusmensajeria.com\/servicios\/","name":"Servicios - Dangelsus Mensajeria S.L.U","isPartOf":{"@id":"https:\/\/dangelsusmensajeria.com\/#website"},"primaryImageOfPage":{"@id":"https:\/\/dangelsusmensajeria.com\/servicios\/#primaryimage"},"image":{"@id":"https:\/\/dangelsusmensajeria.com\/servicios\/#primaryimage"},"thumbnailUrl":"https:\/\/dangelsusmensajeria.com\/wp-content\/uploads\/2026\/04\/95477.jpg","datePublished":"2026-04-28T08:42:58+00:00","dateModified":"2026-04-28T13:12:17+00:00","breadcrumb":{"@id":"https:\/\/dangelsusmensajeria.com\/servicios\/#breadcrumb"},"inLanguage":"en-GB","potentialAction":[{"@type":"ReadAction","target":["https:\/\/dangelsusmensajeria.com\/servicios\/"]}]},{"@type":"ImageObject","inLanguage":"en-GB","@id":"https:\/\/dangelsusmensajeria.com\/servicios\/#primaryimage","url":"https:\/\/dangelsusmensajeria.com\/wp-content\/uploads\/2026\/04\/95477.jpg","contentUrl":"https:\/\/dangelsusmensajeria.com\/wp-content\/uploads\/2026\/04\/95477.jpg"},{"@type":"BreadcrumbList","@id":"https:\/\/dangelsusmensajeria.com\/servicios\/#breadcrumb","itemListElement":[{"@type":"ListItem","position":1,"name":"Portada","item":"https:\/\/dangelsusmensajeria.com\/"},{"@type":"ListItem","position":2,"name":"Servicios"}]},{"@type":"WebSite","@id":"https:\/\/dangelsusmensajeria.com\/#website","url":"https:\/\/dangelsusmensajeria.com\/","name":"Dangelsus Mensajeria S.L.U","description":"Dangelsus Mensajeria S.L.U","publisher":{"@id":"https:\/\/dangelsusmensajeria.com\/#organization"},"potentialAction":[{"@type":"SearchAction","target":{"@type":"EntryPoint","urlTemplate":"https:\/\/dangelsusmensajeria.com\/?s={search_term_string}"},"query-input":{"@type":"PropertyValueSpecification","valueRequired":true,"valueName":"search_term_string"}}],"inLanguage":"en-GB"},{"@type":"Organization","@id":"https:\/\/dangelsusmensajeria.com\/#organization","name":"Dangelsus Mensajeria S.L.U","url":"https:\/\/dangelsusmensajeria.com\/","logo":{"@type":"ImageObject","inLanguage":"en-GB","@id":"https:\/\/dangelsusmensajeria.com\/#\/schema\/logo\/image\/","url":"https:\/\/dangelsusmensajeria.com\/wp-content\/uploads\/2026\/04\/logo_web-scaled.png","contentUrl":"https:\/\/dangelsusmensajeria.com\/wp-content\/uploads\/2026\/04\/logo_web-scaled.png","width":2560,"height":1321,"caption":"Dangelsus Mensajeria S.L.U"},"image":{"@id":"https:\/\/dangelsusmensajeria.com\/#\/schema\/logo\/image\/"}}]}},"_links":{"self":[{"href":"https:\/\/dangelsusmensajeria.com\/en\/wp-json\/wp\/v2\/pages\/7","targetHints":{"allow":["GET"]}}],"collection":[{"href":"https:\/\/dangelsusmensajeria.com\/en\/wp-json\/wp\/v2\/pages"}],"about":[{"href":"https:\/\/dangelsusmensajeria.com\/en\/wp-json\/wp\/v2\/types\/page"}],"author":[{"embeddable":true,"href":"https:\/\/dangelsusmensajeria.com\/en\/wp-json\/wp\/v2\/users\/1"}],"replies":[{"embeddable":true,"href":"https:\/\/dangelsusmensajeria.com\/en\/wp-json\/wp\/v2\/comments?post=7"}],"version-history":[{"count":73,"href":"https:\/\/dangelsusmensajeria.com\/en\/wp-json\/wp\/v2\/pages\/7\/revisions"}],"predecessor-version":[{"id":358,"href":"https:\/\/dangelsusmensajeria.com\/en\/wp-json\/wp\/v2\/pages\/7\/revisions\/358"}],"wp:attachment":[{"href":"https:\/\/dangelsusmensajeria.com\/en\/wp-json\/wp\/v2\/media?parent=7"}],"curies":[{"name":"wp","href":"https:\/\/api.w.org\/{rel}","templated":true}]}}