{"id":2,"date":"2026-04-28T08:29:46","date_gmt":"2026-04-28T08:29:46","guid":{"rendered":"https:\/\/dangelsusmensajeria.rkinformatika.online\/?page_id=2"},"modified":"2026-04-28T11:28:11","modified_gmt":"2026-04-28T11:28:11","slug":"inicio","status":"publish","type":"page","link":"https:\/\/dangelsusmensajeria.com\/en\/","title":{"rendered":"Home"},"content":{"rendered":"\t\t<div data-elementor-type=\"wp-page\" data-elementor-id=\"2\" class=\"elementor elementor-2\" data-elementor-post-type=\"page\">\n\t\t\t\t<div class=\"elementor-element elementor-element-0759a12 e-flex e-con-boxed e-con e-parent\" data-id=\"0759a12\" data-element_type=\"container\" data-e-type=\"container\" data-settings=\"{&quot;background_background&quot;:&quot;slideshow&quot;,&quot;background_slideshow_gallery&quot;:[{&quot;id&quot;:150,&quot;url&quot;:&quot;https:\\\/\\\/dangelsusmensajeria.com\\\/wp-content\\\/uploads\\\/2026\\\/04\\\/2151210974.jpg&quot;},{&quot;id&quot;:118,&quot;url&quot;:&quot;https:\\\/\\\/dangelsusmensajeria.com\\\/wp-content\\\/uploads\\\/2026\\\/04\\\/4301.jpg&quot;},{&quot;id&quot;:151,&quot;url&quot;:&quot;https:\\\/\\\/dangelsusmensajeria.com\\\/wp-content\\\/uploads\\\/2026\\\/04\\\/1154.jpg&quot;}],&quot;background_slideshow_ken_burns&quot;:&quot;yes&quot;,&quot;background_slideshow_loop&quot;:&quot;yes&quot;,&quot;background_slideshow_slide_duration&quot;:5000,&quot;background_slideshow_slide_transition&quot;:&quot;fade&quot;,&quot;background_slideshow_transition_duration&quot;:500,&quot;background_slideshow_ken_burns_zoom_direction&quot;:&quot;in&quot;}\">\n\t\t\t\t\t<div class=\"e-con-inner\">\n\t\t<div class=\"elementor-element elementor-element-38aa6c3 e-con-full e-flex e-con e-child\" data-id=\"38aa6c3\" data-element_type=\"container\" data-e-type=\"container\">\n\t\t\t\t<div class=\"elementor-element elementor-element-8ccdd16 elementor-invisible elementor-widget elementor-widget-heading\" data-id=\"8ccdd16\" data-element_type=\"widget\" data-e-type=\"widget\" data-settings=\"{&quot;_animation&quot;:&quot;fadeInUp&quot;}\" data-widget_type=\"heading.default\">\n\t\t\t\t\t<h2 class=\"elementor-heading-title elementor-size-default\">R\u00e1pidos, seguros, siempre a tiempo<\/h2>\t\t\t\t<\/div>\n\t\t\t\t<\/div>\n\t\t\t\t\t<\/div>\n\t\t\t\t<\/div>\n\t\t<div class=\"elementor-element elementor-element-f99e96f e-flex e-con-boxed e-con e-parent\" data-id=\"f99e96f\" data-element_type=\"container\" data-e-type=\"container\">\n\t\t\t\t\t<div class=\"e-con-inner\">\n\t\t<div class=\"elementor-element elementor-element-4ab34e8 e-con-full e-flex e-con e-child\" data-id=\"4ab34e8\" data-element_type=\"container\" data-e-type=\"container\">\n\t\t\t\t<div class=\"elementor-element elementor-element-72c0838 elementor-widget elementor-widget-image\" data-id=\"72c0838\" data-element_type=\"widget\" data-e-type=\"widget\" data-widget_type=\"image.default\">\n\t\t\t\t\t\t\t\t\t\t\t\t\t\t\t<img fetchpriority=\"high\" decoding=\"async\" width=\"1500\" height=\"1001\" src=\"https:\/\/dangelsusmensajeria.com\/wp-content\/uploads\/2026\/04\/2148546078.jpg\" class=\"attachment-full size-full wp-image-160\" alt=\"\" srcset=\"https:\/\/dangelsusmensajeria.com\/wp-content\/uploads\/2026\/04\/2148546078.jpg 1500w, https:\/\/dangelsusmensajeria.com\/wp-content\/uploads\/2026\/04\/2148546078-300x200.jpg 300w, https:\/\/dangelsusmensajeria.com\/wp-content\/uploads\/2026\/04\/2148546078-1024x683.jpg 1024w, https:\/\/dangelsusmensajeria.com\/wp-content\/uploads\/2026\/04\/2148546078-768x513.jpg 768w, https:\/\/dangelsusmensajeria.com\/wp-content\/uploads\/2026\/04\/2148546078-18x12.jpg 18w\" sizes=\"(max-width: 1500px) 100vw, 1500px\" \/>\t\t\t\t\t\t\t\t\t\t\t\t\t\t\t<\/div>\n\t\t\t\t<\/div>\n\t\t<div class=\"elementor-element elementor-element-b11ad31 e-con-full e-flex e-con e-child\" data-id=\"b11ad31\" data-element_type=\"container\" data-e-type=\"container\">\n\t\t\t\t<div class=\"elementor-element elementor-element-773cff6 elementor-widget elementor-widget-heading\" data-id=\"773cff6\" data-element_type=\"widget\" data-e-type=\"widget\" data-widget_type=\"heading.default\">\n\t\t\t\t\t<h2 class=\"elementor-heading-title elementor-size-default\">\u00a1Entregamos confianza, no solo paquetes!<\/h2>\t\t\t\t<\/div>\n\t\t\t\t<div class=\"elementor-element elementor-element-335041e elementor-invisible elementor-widget elementor-widget-heading\" data-id=\"335041e\" data-element_type=\"widget\" data-e-type=\"widget\" data-settings=\"{&quot;_animation&quot;:&quot;fadeIn&quot;,&quot;_animation_delay&quot;:50}\" data-widget_type=\"heading.default\">\n\t\t\t\t\t<h2 class=\"elementor-heading-title elementor-size-default\">Tu env\u00edo, en las mejores manos<\/h2>\t\t\t\t<\/div>\n\t\t\t\t<div class=\"elementor-element elementor-element-62267a4 elementor-widget-divider--view-line elementor-widget elementor-widget-divider\" data-id=\"62267a4\" data-element_type=\"widget\" data-e-type=\"widget\" data-widget_type=\"divider.default\">\n\t\t\t\t\t\t\t<div class=\"elementor-divider\">\n\t\t\t<span class=\"elementor-divider-separator\">\n\t\t\t\t\t\t<\/span>\n\t\t<\/div>\n\t\t\t\t\t\t<\/div>\n\t\t\t\t<div class=\"elementor-element elementor-element-fd60b55 elementor-widget elementor-widget-text-editor\" data-id=\"fd60b55\" data-element_type=\"widget\" data-e-type=\"widget\" data-widget_type=\"text-editor.default\">\n\t\t\t\t\t\t\t\t\t<p>Empresa de mensajer\u00eda urgente nacional, altamente especializada en la entrega de pr\u00f3tesis dentales y comprometida con brindar servicios de calidad.<\/p><p>\u00a0<\/p>\t\t\t\t\t\t\t\t<\/div>\n\t\t\t\t<\/div>\n\t\t\t\t\t<\/div>\n\t\t\t\t<\/div>\n\t\t<div class=\"elementor-element elementor-element-b28857b e-flex e-con-boxed e-con e-parent\" data-id=\"b28857b\" data-element_type=\"container\" data-e-type=\"container\">\n\t\t\t\t\t<div class=\"e-con-inner\">\n\t\t<div class=\"elementor-element elementor-element-cb1798b e-con-full e-flex e-con e-child\" data-id=\"cb1798b\" data-element_type=\"container\" data-e-type=\"container\">\n\t\t\t\t<div class=\"elementor-element elementor-element-5e42784 elementor-widget elementor-widget-heading\" data-id=\"5e42784\" data-element_type=\"widget\" data-e-type=\"widget\" data-widget_type=\"heading.default\">\n\t\t\t\t\t<h2 class=\"elementor-heading-title elementor-size-default\">\u00a1Conectamos destinos, entregamos soluciones!<\/h2>\t\t\t\t<\/div>\n\t\t\t\t<div class=\"elementor-element elementor-element-5a06259 elementor-invisible elementor-widget elementor-widget-heading\" data-id=\"5a06259\" data-element_type=\"widget\" data-e-type=\"widget\" data-settings=\"{&quot;_animation&quot;:&quot;fadeIn&quot;,&quot;_animation_delay&quot;:50}\" data-widget_type=\"heading.default\">\n\t\t\t\t\t<h2 class=\"elementor-heading-title elementor-size-default\">entrega rapida y segura<\/h2>\t\t\t\t<\/div>\n\t\t\t\t<div class=\"elementor-element elementor-element-2838265 elementor-widget-divider--view-line elementor-widget elementor-widget-divider\" data-id=\"2838265\" data-element_type=\"widget\" data-e-type=\"widget\" data-widget_type=\"divider.default\">\n\t\t\t\t\t\t\t<div class=\"elementor-divider\">\n\t\t\t<span class=\"elementor-divider-separator\">\n\t\t\t\t\t\t<\/span>\n\t\t<\/div>\n\t\t\t\t\t\t<\/div>\n\t\t\t\t<div class=\"elementor-element elementor-element-272bfca elementor-widget elementor-widget-text-editor\" data-id=\"272bfca\" data-element_type=\"widget\" data-e-type=\"widget\" data-widget_type=\"text-editor.default\">\n\t\t\t\t\t\t\t\t\t<p>Nuestra dedicaci\u00f3n abarca todo tipo de entregas y gestiones, tanto en administraciones p\u00fablicas como en el \u00e1mbito local y nacional, garantizando as\u00ed un servicio eficiente y confiable para nuestros clientes.<\/p>\t\t\t\t\t\t\t\t<\/div>\n\t\t\t\t<\/div>\n\t\t<div class=\"elementor-element elementor-element-c03b019 e-con-full e-flex e-con e-child\" data-id=\"c03b019\" data-element_type=\"container\" data-e-type=\"container\">\n\t\t\t\t<div class=\"elementor-element elementor-element-747ad72 elementor-widget elementor-widget-image\" data-id=\"747ad72\" data-element_type=\"widget\" data-e-type=\"widget\" data-widget_type=\"image.default\">\n\t\t\t\t\t\t\t\t\t\t\t\t\t\t\t<img decoding=\"async\" width=\"1500\" height=\"998\" src=\"https:\/\/dangelsusmensajeria.com\/wp-content\/uploads\/2026\/04\/2149035872.jpg\" class=\"attachment-full size-full wp-image-159\" alt=\"\" srcset=\"https:\/\/dangelsusmensajeria.com\/wp-content\/uploads\/2026\/04\/2149035872.jpg 1500w, https:\/\/dangelsusmensajeria.com\/wp-content\/uploads\/2026\/04\/2149035872-300x200.jpg 300w, https:\/\/dangelsusmensajeria.com\/wp-content\/uploads\/2026\/04\/2149035872-1024x681.jpg 1024w, https:\/\/dangelsusmensajeria.com\/wp-content\/uploads\/2026\/04\/2149035872-768x511.jpg 768w, https:\/\/dangelsusmensajeria.com\/wp-content\/uploads\/2026\/04\/2149035872-18x12.jpg 18w\" sizes=\"(max-width: 1500px) 100vw, 1500px\" \/>\t\t\t\t\t\t\t\t\t\t\t\t\t\t\t<\/div>\n\t\t\t\t<\/div>\n\t\t\t\t\t<\/div>\n\t\t\t\t<\/div>\n\t\t<div class=\"elementor-element elementor-element-bb5246d e-flex e-con-boxed e-con e-parent\" data-id=\"bb5246d\" data-element_type=\"container\" data-e-type=\"container\" data-settings=\"{&quot;background_background&quot;:&quot;classic&quot;}\">\n\t\t\t\t\t<div class=\"e-con-inner\">\n\t\t\t\t<div class=\"elementor-element elementor-element-97b198c elementor-widget elementor-widget-heading\" data-id=\"97b198c\" data-element_type=\"widget\" data-e-type=\"widget\" data-widget_type=\"heading.default\">\n\t\t\t\t\t<h2 class=\"elementor-heading-title elementor-size-default\">\u00a1Llevamos cada paquete con responsabilidad, rapidez y la confianza que tu negocio y tus clientes merecen!<\/h2>\t\t\t\t<\/div>\n\t\t\t\t<div class=\"elementor-element elementor-element-3e27e42 elementor-invisible elementor-widget elementor-widget-button\" data-id=\"3e27e42\" data-element_type=\"widget\" data-e-type=\"widget\" data-settings=\"{&quot;_animation&quot;:&quot;fadeInDown&quot;}\" data-widget_type=\"button.default\">\n\t\t\t\t\t\t\t\t\t\t<a class=\"elementor-button elementor-button-link elementor-size-sm elementor-animation-push\" href=\"\/servicios\">\n\t\t\t\t\t\t<span class=\"elementor-button-content-wrapper\">\n\t\t\t\t\t\t\t\t\t<span class=\"elementor-button-text\">Servicios<\/span>\n\t\t\t\t\t<\/span>\n\t\t\t\t\t<\/a>\n\t\t\t\t\t\t\t\t<\/div>\n\t\t\t\t\t<\/div>\n\t\t\t\t<\/div>\n\t\t<div class=\"elementor-element elementor-element-d9874e6 e-flex e-con-boxed e-con e-parent\" data-id=\"d9874e6\" data-element_type=\"container\" data-e-type=\"container\">\n\t\t\t\t\t<div class=\"e-con-inner\">\n\t\t<div class=\"elementor-element elementor-element-bb561fb e-con-full e-flex e-con e-child\" data-id=\"bb561fb\" data-element_type=\"container\" data-e-type=\"container\">\n\t\t\t\t<div class=\"elementor-element elementor-element-772d2e2 elementor-widget elementor-widget-image\" data-id=\"772d2e2\" data-element_type=\"widget\" data-e-type=\"widget\" data-widget_type=\"image.default\">\n\t\t\t\t\t\t\t\t\t\t\t\t\t\t\t<img decoding=\"async\" width=\"1500\" height=\"902\" src=\"https:\/\/dangelsusmensajeria.com\/wp-content\/uploads\/2026\/04\/2148943311.jpg\" class=\"attachment-full size-full wp-image-155\" alt=\"\" srcset=\"https:\/\/dangelsusmensajeria.com\/wp-content\/uploads\/2026\/04\/2148943311.jpg 1500w, https:\/\/dangelsusmensajeria.com\/wp-content\/uploads\/2026\/04\/2148943311-300x180.jpg 300w, https:\/\/dangelsusmensajeria.com\/wp-content\/uploads\/2026\/04\/2148943311-1024x616.jpg 1024w, https:\/\/dangelsusmensajeria.com\/wp-content\/uploads\/2026\/04\/2148943311-768x462.jpg 768w, https:\/\/dangelsusmensajeria.com\/wp-content\/uploads\/2026\/04\/2148943311-18x12.jpg 18w\" sizes=\"(max-width: 1500px) 100vw, 1500px\" \/>\t\t\t\t\t\t\t\t\t\t\t\t\t\t\t<\/div>\n\t\t\t\t<\/div>\n\t\t<div class=\"elementor-element elementor-element-849a533 e-con-full e-flex e-con e-child\" data-id=\"849a533\" data-element_type=\"container\" data-e-type=\"container\">\n\t\t\t\t<div class=\"elementor-element elementor-element-29a0f31 elementor-widget elementor-widget-heading\" data-id=\"29a0f31\" data-element_type=\"widget\" data-e-type=\"widget\" data-widget_type=\"heading.default\">\n\t\t\t\t\t<h2 class=\"elementor-heading-title elementor-size-default\">Velocidad que conecta, servicio que cumple<\/h2>\t\t\t\t<\/div>\n\t\t\t\t<div class=\"elementor-element elementor-element-60a1fd9 elementor-invisible elementor-widget elementor-widget-heading\" data-id=\"60a1fd9\" data-element_type=\"widget\" data-e-type=\"widget\" data-settings=\"{&quot;_animation&quot;:&quot;fadeIn&quot;,&quot;_animation_delay&quot;:50}\" data-widget_type=\"heading.default\">\n\t\t\t\t\t<h2 class=\"elementor-heading-title elementor-size-default\">Transportamos m\u00e1s que paquetes: entregamos tranquilidad, confianza y soluciones log\u00edsticas a tiempo<\/h2>\t\t\t\t<\/div>\n\t\t\t\t<div class=\"elementor-element elementor-element-7b1c426 elementor-widget-divider--view-line elementor-widget elementor-widget-divider\" data-id=\"7b1c426\" data-element_type=\"widget\" data-e-type=\"widget\" data-widget_type=\"divider.default\">\n\t\t\t\t\t\t\t<div class=\"elementor-divider\">\n\t\t\t<span class=\"elementor-divider-separator\">\n\t\t\t\t\t\t<\/span>\n\t\t<\/div>\n\t\t\t\t\t\t<\/div>\n\t\t\t\t<\/div>\n\t\t\t\t\t<\/div>\n\t\t\t\t<\/div>\n\t\t\t\t<\/div>\n\t\t","protected":false},"excerpt":{"rendered":"<p>R\u00e1pidos, seguros, siempre a tiempo \u00a1Entregamos confianza, no solo paquetes! Tu env\u00edo, en las mejores manos Empresa de mensajer\u00eda urgente nacional, altamente especializada en la entrega de pr\u00f3tesis dentales y comprometida con brindar servicios de calidad. \u00a0 \u00a1Conectamos destinos, entregamos soluciones! entrega rapida y segura Nuestra dedicaci\u00f3n abarca todo tipo de entregas y gestiones, tanto [&hellip;]<\/p>\n","protected":false},"author":1,"featured_media":0,"parent":0,"menu_order":0,"comment_status":"closed","ping_status":"closed","template":"elementor_canvas","meta":{"footnotes":""},"class_list":["post-2","page","type-page","status-publish","hentry"],"yoast_head":"<!-- This site is optimized with the Yoast SEO plugin v27.5 - https:\/\/yoast.com\/product\/yoast-seo-wordpress\/ -->\n<title>Inicio - Dangelsus Mensajeria S.L.U<\/title>\n<meta name=\"robots\" content=\"index, follow, max-snippet:-1, max-image-preview:large, max-video-preview:-1\" \/>\n<link rel=\"canonical\" href=\"https:\/\/dangelsusmensajeria.com\/en\/\" \/>\n<meta property=\"og:locale\" content=\"en_GB\" \/>\n<meta property=\"og:type\" content=\"article\" \/>\n<meta property=\"og:title\" content=\"Inicio - Dangelsus Mensajeria S.L.U\" \/>\n<meta property=\"og:description\" content=\"R\u00e1pidos, seguros, siempre a tiempo \u00a1Entregamos confianza, no solo paquetes! Tu env\u00edo, en las mejores manos Empresa de mensajer\u00eda urgente nacional, altamente especializada en la entrega de pr\u00f3tesis dentales y comprometida con brindar servicios de calidad. \u00a0 \u00a1Conectamos destinos, entregamos soluciones! entrega rapida y segura Nuestra dedicaci\u00f3n abarca todo tipo de entregas y gestiones, tanto [&hellip;]\" \/>\n<meta property=\"og:url\" content=\"https:\/\/dangelsusmensajeria.com\/en\/\" \/>\n<meta property=\"og:site_name\" content=\"Dangelsus Mensajeria S.L.U\" \/>\n<meta property=\"article:modified_time\" content=\"2026-04-28T11:28:11+00:00\" \/>\n<meta property=\"og:image\" content=\"https:\/\/dangelsusmensajeria.com\/wp-content\/uploads\/2026\/04\/2148546078.jpg\" \/>\n<meta name=\"twitter:card\" content=\"summary_large_image\" \/>\n<meta name=\"twitter:label1\" content=\"Estimated reading time\" \/>\n\t<meta name=\"twitter:data1\" content=\"1 minute\" \/>\n<script type=\"application\/ld+json\" class=\"yoast-schema-graph\">{\"@context\":\"https:\\\/\\\/schema.org\",\"@graph\":[{\"@type\":\"WebPage\",\"@id\":\"https:\\\/\\\/dangelsusmensajeria.com\\\/\",\"url\":\"https:\\\/\\\/dangelsusmensajeria.com\\\/\",\"name\":\"Inicio - Dangelsus Mensajeria S.L.U\",\"isPartOf\":{\"@id\":\"https:\\\/\\\/dangelsusmensajeria.com\\\/#website\"},\"primaryImageOfPage\":{\"@id\":\"https:\\\/\\\/dangelsusmensajeria.com\\\/#primaryimage\"},\"image\":{\"@id\":\"https:\\\/\\\/dangelsusmensajeria.com\\\/#primaryimage\"},\"thumbnailUrl\":\"https:\\\/\\\/dangelsusmensajeria.com\\\/wp-content\\\/uploads\\\/2026\\\/04\\\/2148546078.jpg\",\"datePublished\":\"2026-04-28T08:29:46+00:00\",\"dateModified\":\"2026-04-28T11:28:11+00:00\",\"breadcrumb\":{\"@id\":\"https:\\\/\\\/dangelsusmensajeria.com\\\/#breadcrumb\"},\"inLanguage\":\"en-GB\",\"potentialAction\":[{\"@type\":\"ReadAction\",\"target\":[\"https:\\\/\\\/dangelsusmensajeria.com\\\/\"]}]},{\"@type\":\"ImageObject\",\"inLanguage\":\"en-GB\",\"@id\":\"https:\\\/\\\/dangelsusmensajeria.com\\\/#primaryimage\",\"url\":\"https:\\\/\\\/dangelsusmensajeria.com\\\/wp-content\\\/uploads\\\/2026\\\/04\\\/2148546078.jpg\",\"contentUrl\":\"https:\\\/\\\/dangelsusmensajeria.com\\\/wp-content\\\/uploads\\\/2026\\\/04\\\/2148546078.jpg\"},{\"@type\":\"BreadcrumbList\",\"@id\":\"https:\\\/\\\/dangelsusmensajeria.com\\\/#breadcrumb\",\"itemListElement\":[{\"@type\":\"ListItem\",\"position\":1,\"name\":\"Portada\",\"item\":\"https:\\\/\\\/dangelsusmensajeria.com\\\/\"},{\"@type\":\"ListItem\",\"position\":2,\"name\":\"Inicio\"}]},{\"@type\":\"WebSite\",\"@id\":\"https:\\\/\\\/dangelsusmensajeria.com\\\/#website\",\"url\":\"https:\\\/\\\/dangelsusmensajeria.com\\\/\",\"name\":\"Dangelsus Mensajeria S.L.U\",\"description\":\"Dangelsus Mensajeria S.L.U\",\"publisher\":{\"@id\":\"https:\\\/\\\/dangelsusmensajeria.com\\\/#organization\"},\"potentialAction\":[{\"@type\":\"SearchAction\",\"target\":{\"@type\":\"EntryPoint\",\"urlTemplate\":\"https:\\\/\\\/dangelsusmensajeria.com\\\/?s={search_term_string}\"},\"query-input\":{\"@type\":\"PropertyValueSpecification\",\"valueRequired\":true,\"valueName\":\"search_term_string\"}}],\"inLanguage\":\"en-GB\"},{\"@type\":\"Organization\",\"@id\":\"https:\\\/\\\/dangelsusmensajeria.com\\\/#organization\",\"name\":\"Dangelsus Mensajeria S.L.U\",\"url\":\"https:\\\/\\\/dangelsusmensajeria.com\\\/\",\"logo\":{\"@type\":\"ImageObject\",\"inLanguage\":\"en-GB\",\"@id\":\"https:\\\/\\\/dangelsusmensajeria.com\\\/#\\\/schema\\\/logo\\\/image\\\/\",\"url\":\"https:\\\/\\\/dangelsusmensajeria.com\\\/wp-content\\\/uploads\\\/2026\\\/04\\\/logo_web-scaled.png\",\"contentUrl\":\"https:\\\/\\\/dangelsusmensajeria.com\\\/wp-content\\\/uploads\\\/2026\\\/04\\\/logo_web-scaled.png\",\"width\":2560,\"height\":1321,\"caption\":\"Dangelsus Mensajeria S.L.U\"},\"image\":{\"@id\":\"https:\\\/\\\/dangelsusmensajeria.com\\\/#\\\/schema\\\/logo\\\/image\\\/\"}}]}<\/script>\n<!-- \/ Yoast SEO plugin. -->","yoast_head_json":{"title":"Inicio - Dangelsus Mensajeria S.L.U","robots":{"index":"index","follow":"follow","max-snippet":"max-snippet:-1","max-image-preview":"max-image-preview:large","max-video-preview":"max-video-preview:-1"},"canonical":"https:\/\/dangelsusmensajeria.com\/en\/","og_locale":"en_GB","og_type":"article","og_title":"Inicio - Dangelsus Mensajeria S.L.U","og_description":"R\u00e1pidos, seguros, siempre a tiempo \u00a1Entregamos confianza, no solo paquetes! Tu env\u00edo, en las mejores manos Empresa de mensajer\u00eda urgente nacional, altamente especializada en la entrega de pr\u00f3tesis dentales y comprometida con brindar servicios de calidad. \u00a0 \u00a1Conectamos destinos, entregamos soluciones! entrega rapida y segura Nuestra dedicaci\u00f3n abarca todo tipo de entregas y gestiones, tanto [&hellip;]","og_url":"https:\/\/dangelsusmensajeria.com\/en\/","og_site_name":"Dangelsus Mensajeria S.L.U","article_modified_time":"2026-04-28T11:28:11+00:00","og_image":[{"url":"https:\/\/dangelsusmensajeria.com\/wp-content\/uploads\/2026\/04\/2148546078.jpg","type":"","width":"","height":""}],"twitter_card":"summary_large_image","twitter_misc":{"Estimated reading time":"1 minute"},"schema":{"@context":"https:\/\/schema.org","@graph":[{"@type":"WebPage","@id":"https:\/\/dangelsusmensajeria.com\/","url":"https:\/\/dangelsusmensajeria.com\/","name":"Inicio - Dangelsus Mensajeria S.L.U","isPartOf":{"@id":"https:\/\/dangelsusmensajeria.com\/#website"},"primaryImageOfPage":{"@id":"https:\/\/dangelsusmensajeria.com\/#primaryimage"},"image":{"@id":"https:\/\/dangelsusmensajeria.com\/#primaryimage"},"thumbnailUrl":"https:\/\/dangelsusmensajeria.com\/wp-content\/uploads\/2026\/04\/2148546078.jpg","datePublished":"2026-04-28T08:29:46+00:00","dateModified":"2026-04-28T11:28:11+00:00","breadcrumb":{"@id":"https:\/\/dangelsusmensajeria.com\/#breadcrumb"},"inLanguage":"en-GB","potentialAction":[{"@type":"ReadAction","target":["https:\/\/dangelsusmensajeria.com\/"]}]},{"@type":"ImageObject","inLanguage":"en-GB","@id":"https:\/\/dangelsusmensajeria.com\/#primaryimage","url":"https:\/\/dangelsusmensajeria.com\/wp-content\/uploads\/2026\/04\/2148546078.jpg","contentUrl":"https:\/\/dangelsusmensajeria.com\/wp-content\/uploads\/2026\/04\/2148546078.jpg"},{"@type":"BreadcrumbList","@id":"https:\/\/dangelsusmensajeria.com\/#breadcrumb","itemListElement":[{"@type":"ListItem","position":1,"name":"Portada","item":"https:\/\/dangelsusmensajeria.com\/"},{"@type":"ListItem","position":2,"name":"Inicio"}]},{"@type":"WebSite","@id":"https:\/\/dangelsusmensajeria.com\/#website","url":"https:\/\/dangelsusmensajeria.com\/","name":"Dangelsus Mensajeria S.L.U","description":"Dangelsus Mensajeria S.L.U","publisher":{"@id":"https:\/\/dangelsusmensajeria.com\/#organization"},"potentialAction":[{"@type":"SearchAction","target":{"@type":"EntryPoint","urlTemplate":"https:\/\/dangelsusmensajeria.com\/?s={search_term_string}"},"query-input":{"@type":"PropertyValueSpecification","valueRequired":true,"valueName":"search_term_string"}}],"inLanguage":"en-GB"},{"@type":"Organization","@id":"https:\/\/dangelsusmensajeria.com\/#organization","name":"Dangelsus Mensajeria S.L.U","url":"https:\/\/dangelsusmensajeria.com\/","logo":{"@type":"ImageObject","inLanguage":"en-GB","@id":"https:\/\/dangelsusmensajeria.com\/#\/schema\/logo\/image\/","url":"https:\/\/dangelsusmensajeria.com\/wp-content\/uploads\/2026\/04\/logo_web-scaled.png","contentUrl":"https:\/\/dangelsusmensajeria.com\/wp-content\/uploads\/2026\/04\/logo_web-scaled.png","width":2560,"height":1321,"caption":"Dangelsus Mensajeria S.L.U"},"image":{"@id":"https:\/\/dangelsusmensajeria.com\/#\/schema\/logo\/image\/"}}]}},"_links":{"self":[{"href":"https:\/\/dangelsusmensajeria.com\/en\/wp-json\/wp\/v2\/pages\/2","targetHints":{"allow":["GET"]}}],"collection":[{"href":"https:\/\/dangelsusmensajeria.com\/en\/wp-json\/wp\/v2\/pages"}],"about":[{"href":"https:\/\/dangelsusmensajeria.com\/en\/wp-json\/wp\/v2\/types\/page"}],"author":[{"embeddable":true,"href":"https:\/\/dangelsusmensajeria.com\/en\/wp-json\/wp\/v2\/users\/1"}],"replies":[{"embeddable":true,"href":"https:\/\/dangelsusmensajeria.com\/en\/wp-json\/wp\/v2\/comments?post=2"}],"version-history":[{"count":82,"href":"https:\/\/dangelsusmensajeria.com\/en\/wp-json\/wp\/v2\/pages\/2\/revisions"}],"predecessor-version":[{"id":295,"href":"https:\/\/dangelsusmensajeria.com\/en\/wp-json\/wp\/v2\/pages\/2\/revisions\/295"}],"wp:attachment":[{"href":"https:\/\/dangelsusmensajeria.com\/en\/wp-json\/wp\/v2\/media?parent=2"}],"curies":[{"name":"wp","href":"https:\/\/api.w.org\/{rel}","templated":true}]}}